{"id":11922,"date":"2022-07-11T17:59:19","date_gmt":"2022-07-11T20:59:19","guid":{"rendered":"https:\/\/techmag.com.br\/site\/?post_type=product&#038;p=11922"},"modified":"2023-08-25T09:51:37","modified_gmt":"2023-08-25T12:51:37","slug":"solicitacao-de-sdk","status":"publish","type":"product","link":"https:\/\/techmag.com.br\/site\/produto\/solicitacao-de-sdk\/","title":{"rendered":"SOLICITA\u00c7\u00c3O DE SDK"},"content":{"rendered":"","protected":false},"excerpt":{"rendered":"<h4>INFORMA\u00c7\u00d5ES PARA DESENVOLVIMENTO \u00c1GIL E COM TECNOLOGIA DE PONTA<\/h4>\n<p>&nbsp;<\/p>\n<p>[quform id=&#8221;2&#8243; name=&#8221;SOLICITA\u00c7\u00c3O &#8230; <\/p>\n","protected":false},"featured_media":11923,"template":"","meta":{"_links_to":"","_links_to_target":""},"product_cat":[121,125],"product_tag":[],"yoast_head":"<!-- This site is optimized with the Yoast SEO plugin v22.9 - https:\/\/yoast.com\/wordpress\/plugins\/seo\/ -->\n<title>SOLICITA\u00c7\u00c3O DE SDK - Techmag<\/title>\n<meta name=\"robots\" content=\"index, follow, max-snippet:-1, max-image-preview:large, max-video-preview:-1\" \/>\n<link rel=\"canonical\" href=\"https:\/\/techmag.com.br\/site\/produto\/solicitacao-de-sdk\/\" \/>\n<meta property=\"og:locale\" content=\"pt_BR\" \/>\n<meta property=\"og:type\" content=\"article\" \/>\n<meta property=\"og:title\" content=\"SOLICITA\u00c7\u00c3O DE SDK - Techmag\" \/>\n<meta property=\"og:description\" content=\"INFORMA\u00c7\u00d5ES PARA DESENVOLVIMENTO \u00c1GIL E COM TECNOLOGIA DE PONTA &nbsp;  [quform id=&quot;2&quot; name=&quot;SOLICITA\u00c7\u00c3O ...\" \/>\n<meta property=\"og:url\" content=\"https:\/\/techmag.com.br\/site\/produto\/solicitacao-de-sdk\/\" \/>\n<meta property=\"og:site_name\" content=\"Techmag\" \/>\n<meta property=\"article:publisher\" content=\"https:\/\/www.facebook.com\/techmagdsi\/\" \/>\n<meta property=\"article:modified_time\" content=\"2023-08-25T12:51:37+00:00\" \/>\n<meta property=\"og:image\" content=\"https:\/\/techmag.com.br\/site\/wp-content\/uploads\/2022\/07\/SOLICITACAO-DE-SDK.jpg\" \/>\n\t<meta property=\"og:image:width\" content=\"540\" \/>\n\t<meta property=\"og:image:height\" content=\"540\" \/>\n\t<meta property=\"og:image:type\" content=\"image\/jpeg\" \/>\n<meta name=\"twitter:card\" content=\"summary_large_image\" \/>\n<script type=\"application\/ld+json\" class=\"yoast-schema-graph\">{\"@context\":\"https:\/\/schema.org\",\"@graph\":[{\"@type\":\"WebPage\",\"@id\":\"https:\/\/techmag.com.br\/site\/produto\/solicitacao-de-sdk\/\",\"url\":\"https:\/\/techmag.com.br\/site\/produto\/solicitacao-de-sdk\/\",\"name\":\"SOLICITA\u00c7\u00c3O DE SDK - Techmag\",\"isPartOf\":{\"@id\":\"https:\/\/techmag.com.br\/site\/#website\"},\"primaryImageOfPage\":{\"@id\":\"https:\/\/techmag.com.br\/site\/produto\/solicitacao-de-sdk\/#primaryimage\"},\"image\":{\"@id\":\"https:\/\/techmag.com.br\/site\/produto\/solicitacao-de-sdk\/#primaryimage\"},\"thumbnailUrl\":\"https:\/\/techmag.com.br\/site\/wp-content\/uploads\/2022\/07\/SOLICITACAO-DE-SDK.jpg\",\"datePublished\":\"2022-07-11T20:59:19+00:00\",\"dateModified\":\"2023-08-25T12:51:37+00:00\",\"breadcrumb\":{\"@id\":\"https:\/\/techmag.com.br\/site\/produto\/solicitacao-de-sdk\/#breadcrumb\"},\"inLanguage\":\"pt-BR\",\"potentialAction\":[{\"@type\":\"ReadAction\",\"target\":[\"https:\/\/techmag.com.br\/site\/produto\/solicitacao-de-sdk\/\"]}]},{\"@type\":\"ImageObject\",\"inLanguage\":\"pt-BR\",\"@id\":\"https:\/\/techmag.com.br\/site\/produto\/solicitacao-de-sdk\/#primaryimage\",\"url\":\"https:\/\/techmag.com.br\/site\/wp-content\/uploads\/2022\/07\/SOLICITACAO-DE-SDK.jpg\",\"contentUrl\":\"https:\/\/techmag.com.br\/site\/wp-content\/uploads\/2022\/07\/SOLICITACAO-DE-SDK.jpg\",\"width\":540,\"height\":540},{\"@type\":\"BreadcrumbList\",\"@id\":\"https:\/\/techmag.com.br\/site\/produto\/solicitacao-de-sdk\/#breadcrumb\",\"itemListElement\":[{\"@type\":\"ListItem\",\"position\":1,\"name\":\"In\u00edcio\",\"item\":\"https:\/\/techmag.com.br\/site\/\"},{\"@type\":\"ListItem\",\"position\":2,\"name\":\"Produtos e Solu\u00e7\u00f5es\",\"item\":\"https:\/\/techmag.com.br\/site\/produtos-e-solucoes\/\"},{\"@type\":\"ListItem\",\"position\":3,\"name\":\"SOLICITA\u00c7\u00c3O DE SDK\"}]},{\"@type\":\"WebSite\",\"@id\":\"https:\/\/techmag.com.br\/site\/#website\",\"url\":\"https:\/\/techmag.com.br\/site\/\",\"name\":\"Techmag\",\"description\":\"Data, Security &amp; Information\",\"publisher\":{\"@id\":\"https:\/\/techmag.com.br\/site\/#organization\"},\"potentialAction\":[{\"@type\":\"SearchAction\",\"target\":{\"@type\":\"EntryPoint\",\"urlTemplate\":\"https:\/\/techmag.com.br\/site\/?s={search_term_string}\"},\"query-input\":\"required name=search_term_string\"}],\"inLanguage\":\"pt-BR\"},{\"@type\":\"Organization\",\"@id\":\"https:\/\/techmag.com.br\/site\/#organization\",\"name\":\"Techmag\",\"url\":\"https:\/\/techmag.com.br\/site\/\",\"logo\":{\"@type\":\"ImageObject\",\"inLanguage\":\"pt-BR\",\"@id\":\"https:\/\/techmag.com.br\/site\/#\/schema\/logo\/image\/\",\"url\":\"https:\/\/techmag.com.br\/site\/wp-content\/uploads\/2022\/05\/logotipo.png\",\"contentUrl\":\"https:\/\/techmag.com.br\/site\/wp-content\/uploads\/2022\/05\/logotipo.png\",\"width\":500,\"height\":116,\"caption\":\"Techmag\"},\"image\":{\"@id\":\"https:\/\/techmag.com.br\/site\/#\/schema\/logo\/image\/\"},\"sameAs\":[\"https:\/\/www.facebook.com\/techmagdsi\/\",\"https:\/\/www.linkedin.com\/company\/techmag-equipamentos-comercio-e-servi-o-ltda\/\"]}]}<\/script>\n<!-- \/ Yoast SEO plugin. -->","yoast_head_json":{"title":"SOLICITA\u00c7\u00c3O DE SDK - Techmag","robots":{"index":"index","follow":"follow","max-snippet":"max-snippet:-1","max-image-preview":"max-image-preview:large","max-video-preview":"max-video-preview:-1"},"canonical":"https:\/\/techmag.com.br\/site\/produto\/solicitacao-de-sdk\/","og_locale":"pt_BR","og_type":"article","og_title":"SOLICITA\u00c7\u00c3O DE SDK - Techmag","og_description":"INFORMA\u00c7\u00d5ES PARA DESENVOLVIMENTO \u00c1GIL E COM TECNOLOGIA DE PONTA &nbsp;  [quform id=\"2\" name=\"SOLICITA\u00c7\u00c3O ...","og_url":"https:\/\/techmag.com.br\/site\/produto\/solicitacao-de-sdk\/","og_site_name":"Techmag","article_publisher":"https:\/\/www.facebook.com\/techmagdsi\/","article_modified_time":"2023-08-25T12:51:37+00:00","og_image":[{"width":540,"height":540,"url":"https:\/\/techmag.com.br\/site\/wp-content\/uploads\/2022\/07\/SOLICITACAO-DE-SDK.jpg","type":"image\/jpeg"}],"twitter_card":"summary_large_image","schema":{"@context":"https:\/\/schema.org","@graph":[{"@type":"WebPage","@id":"https:\/\/techmag.com.br\/site\/produto\/solicitacao-de-sdk\/","url":"https:\/\/techmag.com.br\/site\/produto\/solicitacao-de-sdk\/","name":"SOLICITA\u00c7\u00c3O DE SDK - Techmag","isPartOf":{"@id":"https:\/\/techmag.com.br\/site\/#website"},"primaryImageOfPage":{"@id":"https:\/\/techmag.com.br\/site\/produto\/solicitacao-de-sdk\/#primaryimage"},"image":{"@id":"https:\/\/techmag.com.br\/site\/produto\/solicitacao-de-sdk\/#primaryimage"},"thumbnailUrl":"https:\/\/techmag.com.br\/site\/wp-content\/uploads\/2022\/07\/SOLICITACAO-DE-SDK.jpg","datePublished":"2022-07-11T20:59:19+00:00","dateModified":"2023-08-25T12:51:37+00:00","breadcrumb":{"@id":"https:\/\/techmag.com.br\/site\/produto\/solicitacao-de-sdk\/#breadcrumb"},"inLanguage":"pt-BR","potentialAction":[{"@type":"ReadAction","target":["https:\/\/techmag.com.br\/site\/produto\/solicitacao-de-sdk\/"]}]},{"@type":"ImageObject","inLanguage":"pt-BR","@id":"https:\/\/techmag.com.br\/site\/produto\/solicitacao-de-sdk\/#primaryimage","url":"https:\/\/techmag.com.br\/site\/wp-content\/uploads\/2022\/07\/SOLICITACAO-DE-SDK.jpg","contentUrl":"https:\/\/techmag.com.br\/site\/wp-content\/uploads\/2022\/07\/SOLICITACAO-DE-SDK.jpg","width":540,"height":540},{"@type":"BreadcrumbList","@id":"https:\/\/techmag.com.br\/site\/produto\/solicitacao-de-sdk\/#breadcrumb","itemListElement":[{"@type":"ListItem","position":1,"name":"In\u00edcio","item":"https:\/\/techmag.com.br\/site\/"},{"@type":"ListItem","position":2,"name":"Produtos e Solu\u00e7\u00f5es","item":"https:\/\/techmag.com.br\/site\/produtos-e-solucoes\/"},{"@type":"ListItem","position":3,"name":"SOLICITA\u00c7\u00c3O DE SDK"}]},{"@type":"WebSite","@id":"https:\/\/techmag.com.br\/site\/#website","url":"https:\/\/techmag.com.br\/site\/","name":"Techmag","description":"Data, Security &amp; Information","publisher":{"@id":"https:\/\/techmag.com.br\/site\/#organization"},"potentialAction":[{"@type":"SearchAction","target":{"@type":"EntryPoint","urlTemplate":"https:\/\/techmag.com.br\/site\/?s={search_term_string}"},"query-input":"required name=search_term_string"}],"inLanguage":"pt-BR"},{"@type":"Organization","@id":"https:\/\/techmag.com.br\/site\/#organization","name":"Techmag","url":"https:\/\/techmag.com.br\/site\/","logo":{"@type":"ImageObject","inLanguage":"pt-BR","@id":"https:\/\/techmag.com.br\/site\/#\/schema\/logo\/image\/","url":"https:\/\/techmag.com.br\/site\/wp-content\/uploads\/2022\/05\/logotipo.png","contentUrl":"https:\/\/techmag.com.br\/site\/wp-content\/uploads\/2022\/05\/logotipo.png","width":500,"height":116,"caption":"Techmag"},"image":{"@id":"https:\/\/techmag.com.br\/site\/#\/schema\/logo\/image\/"},"sameAs":["https:\/\/www.facebook.com\/techmagdsi\/","https:\/\/www.linkedin.com\/company\/techmag-equipamentos-comercio-e-servi-o-ltda\/"]}]}},"_links":{"self":[{"href":"https:\/\/techmag.com.br\/site\/wp-json\/wp\/v2\/product\/11922"}],"collection":[{"href":"https:\/\/techmag.com.br\/site\/wp-json\/wp\/v2\/product"}],"about":[{"href":"https:\/\/techmag.com.br\/site\/wp-json\/wp\/v2\/types\/product"}],"wp:featuredmedia":[{"embeddable":true,"href":"https:\/\/techmag.com.br\/site\/wp-json\/wp\/v2\/media\/11923"}],"wp:attachment":[{"href":"https:\/\/techmag.com.br\/site\/wp-json\/wp\/v2\/media?parent=11922"}],"wp:term":[{"taxonomy":"product_cat","embeddable":true,"href":"https:\/\/techmag.com.br\/site\/wp-json\/wp\/v2\/product_cat?post=11922"},{"taxonomy":"product_tag","embeddable":true,"href":"https:\/\/techmag.com.br\/site\/wp-json\/wp\/v2\/product_tag?post=11922"}],"curies":[{"name":"wp","href":"https:\/\/api.w.org\/{rel}","templated":true}]}}