{"id":11606,"date":"2022-05-31T15:23:51","date_gmt":"2022-05-31T18:23:51","guid":{"rendered":"https:\/\/techmag.com.br\/site\/?page_id=11606"},"modified":"2022-05-31T15:28:52","modified_gmt":"2022-05-31T18:28:52","slug":"por-que-escolher-a-techmag","status":"publish","type":"page","link":"https:\/\/techmag.com.br\/site\/por-que-escolher-a-techmag\/","title":{"rendered":"Por que escolher a TechMag"},"content":{"rendered":"<section class=\"wpb-content-wrapper\"><p>[vc_row][vc_column width=&#8221;1\/3&#8243;]<div id=\"cz_62473\" class=\"cz_62473 cz_image clr cz_image_no_fx center_on_mobile\"><div class=\"\" ><div class=\"cz_image_in\"><div class=\"cz_main_image\"><img decoding=\"async\" width=\"370\" height=\"272\" src=\"https:\/\/techmag.com.br\/site\/wp-content\/uploads\/2022\/05\/ICN_scan_fp.gif\" class=\"attachment-full\" alt=\"\" title=\"ICN_scan_fp\" \/><\/div><\/div><\/div><\/div>[\/vc_column][vc_column width=&#8221;2\/3&#8243;]<div id=\"cz_85458\" class=\"cz_85458 cz_title clr cz_title_pos_inline\"><div class=\"cz_title_content\"><div class=\"cz_wpe_content\"><p><span style=\"font-size: 36px; color: #1365ac;\"><span style=\"color: #777777;\">Por que escolher a<\/span> <strong>TechMag<\/strong>?<\/span><\/p>\n<\/div><\/div><\/div><div class=\"cz_gap clr \" style=\"height: 30px\"><\/div><div id=\"cz_46220\" class=\"cz_46220 cz_title clr cz_title_pos_inline\"><div class=\"cz_title_content\"><div class=\"cz_wpe_content\"><h4>Nossos principais diferenciais:<\/h4>\n<\/div><\/div><\/div><div class=\"cz_gap clr \" style=\"height: 30px\"><\/div><ul id=\"cz_110690\" class=\"cz_110690 cz_stylish_list clr cz_sl_icon_hover_zoom_in\"><li class=\"clr\"><div class=\"cz_sl_icon\"><i class=\"fa fa-check mr10\"><\/i><\/div><div><span>Qualidade com Inova\u00e7\u00e3o Tecnol\u00f3gica<small>Com rela\u00e7\u00f5es aut\u00eanticas e transparentes, co-criamos as melhores solu\u00e7\u00f5es com nossos clientes e parceiros, entregando uma experi\u00eancia \u00fanica em captura, identifica\u00e7\u00e3o e autentica\u00e7\u00e3o de dados. Nossos produtos s\u00e3o aprimorados na mesma frequ\u00eancia das constantes atualiza\u00e7\u00f5es tecnol\u00f3gicas, mantendo as caracter\u00edsticas que satisfa\u00e7am as necessidades dos nossos clientes. <\/small><\/span><\/div><\/li><li class=\"clr\"><div class=\"cz_sl_icon\"><i class=\"fa fa-check mr10\"><\/i><\/div><div><span>Log\u00edstica e Pronta Entrega<small>Disponibilizamos produtos a pronta entrega, com distribui\u00e7\u00e3o em todo o Brasil. Temos a consci\u00eancia de que o prazo de entrega impacta diretamente na satisfa\u00e7\u00e3o do nosso cliente e no retorno financeiro do seu neg\u00f3cio.<\/small><\/span><\/div><\/li><li class=\"clr\"><div class=\"cz_sl_icon\"><i class=\"fa fa-check mr10\"><\/i><\/div><div><span>Atendimento \u00e1gil e gentil <small>Trabalhamos com tecnologia, mas fazemos quest\u00e3o de humanizar nossos atendimentos. Nossa equipe est\u00e1 preparada para resolver prontamente os problemas dos nossos clientes com transpar\u00eancia, cordialidade e \u00e9tica, proporcionando que suas demandas sejam atendidas com o m\u00ednimo de esfor\u00e7o.<\/small><\/span><\/div><\/li><li class=\"clr\"><div class=\"cz_sl_icon\"><i class=\"fa fa-check mr10\"><\/i><\/div><div><span>Suporte T\u00e9cnico<small>Oferecemos toda a assist\u00eancia aos nossos clientes, trabalhando na resolu\u00e7\u00e3o de problemas. Nossa equipe \u00e9 especializada e tem como prop\u00f3sito ajudar da melhor forma para que seu neg\u00f3cio possa fluir bem, com o m\u00ednimo de intercorr\u00eancias. <\/small><\/span><\/div><\/li><li class=\"clr\"><div class=\"cz_sl_icon\"><i class=\"fa fa-check mr10\"><\/i><\/div><div><span>Melhores pre\u00e7os do Mercado<small>Queremos que nossa tecnologia seja acess\u00edvel para todos os tipos e tamanhos de neg\u00f3cios, por isso praticamos uma pol\u00edtica de pre\u00e7os justos e abaixo da m\u00e9dia do mercado, com produtos de alta qualidade.<\/small><\/span><\/div><\/li><\/ul>[\/vc_column][\/vc_row]<\/p>\n<\/section>","protected":false},"excerpt":{"rendered":"<p>[vc_row][vc_column width=&#8221;1\/3&#8243;][\/vc_column][vc_column width=&#8221;2\/3&#8243;][\/vc_column][\/vc_row]<\/p>\n<p> &#8230; <\/p>\n","protected":false},"author":1,"featured_media":0,"parent":0,"menu_order":0,"comment_status":"closed","ping_status":"closed","template":"","meta":{"footnotes":"","_links_to":"","_links_to_target":""},"yoast_head":"<!-- This site is optimized with the Yoast SEO plugin v22.9 - https:\/\/yoast.com\/wordpress\/plugins\/seo\/ -->\n<title>Por que escolher a TechMag - Techmag<\/title>\n<meta name=\"robots\" content=\"index, follow, max-snippet:-1, max-image-preview:large, max-video-preview:-1\" \/>\n<link rel=\"canonical\" href=\"https:\/\/techmag.com.br\/site\/por-que-escolher-a-techmag\/\" \/>\n<meta property=\"og:locale\" content=\"pt_BR\" \/>\n<meta property=\"og:type\" content=\"article\" \/>\n<meta property=\"og:title\" content=\"Por que escolher a TechMag - Techmag\" \/>\n<meta property=\"og:description\" content=\"[vc_row][vc_column width=&#8221;1\/3&#8243;][\/vc_column][vc_column width=&#8221;2\/3&#8243;][\/vc_column][\/vc_row] ...\" \/>\n<meta property=\"og:url\" content=\"https:\/\/techmag.com.br\/site\/por-que-escolher-a-techmag\/\" \/>\n<meta property=\"og:site_name\" content=\"Techmag\" \/>\n<meta property=\"article:publisher\" content=\"https:\/\/www.facebook.com\/techmagdsi\/\" \/>\n<meta property=\"article:modified_time\" content=\"2022-05-31T18:28:52+00:00\" \/>\n<meta name=\"twitter:card\" content=\"summary_large_image\" \/>\n<meta name=\"twitter:label1\" content=\"Est. tempo de leitura\" \/>\n\t<meta name=\"twitter:data1\" content=\"3 minutos\" \/>\n<script type=\"application\/ld+json\" class=\"yoast-schema-graph\">{\"@context\":\"https:\/\/schema.org\",\"@graph\":[{\"@type\":\"WebPage\",\"@id\":\"https:\/\/techmag.com.br\/site\/por-que-escolher-a-techmag\/\",\"url\":\"https:\/\/techmag.com.br\/site\/por-que-escolher-a-techmag\/\",\"name\":\"Por que escolher a TechMag - Techmag\",\"isPartOf\":{\"@id\":\"https:\/\/techmag.com.br\/site\/#website\"},\"datePublished\":\"2022-05-31T18:23:51+00:00\",\"dateModified\":\"2022-05-31T18:28:52+00:00\",\"breadcrumb\":{\"@id\":\"https:\/\/techmag.com.br\/site\/por-que-escolher-a-techmag\/#breadcrumb\"},\"inLanguage\":\"pt-BR\",\"potentialAction\":[{\"@type\":\"ReadAction\",\"target\":[\"https:\/\/techmag.com.br\/site\/por-que-escolher-a-techmag\/\"]}]},{\"@type\":\"BreadcrumbList\",\"@id\":\"https:\/\/techmag.com.br\/site\/por-que-escolher-a-techmag\/#breadcrumb\",\"itemListElement\":[{\"@type\":\"ListItem\",\"position\":1,\"name\":\"In\u00edcio\",\"item\":\"https:\/\/techmag.com.br\/site\/\"},{\"@type\":\"ListItem\",\"position\":2,\"name\":\"Por que escolher a TechMag\"}]},{\"@type\":\"WebSite\",\"@id\":\"https:\/\/techmag.com.br\/site\/#website\",\"url\":\"https:\/\/techmag.com.br\/site\/\",\"name\":\"Techmag\",\"description\":\"Data, Security &amp; Information\",\"publisher\":{\"@id\":\"https:\/\/techmag.com.br\/site\/#organization\"},\"potentialAction\":[{\"@type\":\"SearchAction\",\"target\":{\"@type\":\"EntryPoint\",\"urlTemplate\":\"https:\/\/techmag.com.br\/site\/?s={search_term_string}\"},\"query-input\":\"required name=search_term_string\"}],\"inLanguage\":\"pt-BR\"},{\"@type\":\"Organization\",\"@id\":\"https:\/\/techmag.com.br\/site\/#organization\",\"name\":\"Techmag\",\"url\":\"https:\/\/techmag.com.br\/site\/\",\"logo\":{\"@type\":\"ImageObject\",\"inLanguage\":\"pt-BR\",\"@id\":\"https:\/\/techmag.com.br\/site\/#\/schema\/logo\/image\/\",\"url\":\"https:\/\/techmag.com.br\/site\/wp-content\/uploads\/2022\/05\/logotipo.png\",\"contentUrl\":\"https:\/\/techmag.com.br\/site\/wp-content\/uploads\/2022\/05\/logotipo.png\",\"width\":500,\"height\":116,\"caption\":\"Techmag\"},\"image\":{\"@id\":\"https:\/\/techmag.com.br\/site\/#\/schema\/logo\/image\/\"},\"sameAs\":[\"https:\/\/www.facebook.com\/techmagdsi\/\",\"https:\/\/www.linkedin.com\/company\/techmag-equipamentos-comercio-e-servi-o-ltda\/\"]}]}<\/script>\n<!-- \/ Yoast SEO plugin. -->","yoast_head_json":{"title":"Por que escolher a TechMag - Techmag","robots":{"index":"index","follow":"follow","max-snippet":"max-snippet:-1","max-image-preview":"max-image-preview:large","max-video-preview":"max-video-preview:-1"},"canonical":"https:\/\/techmag.com.br\/site\/por-que-escolher-a-techmag\/","og_locale":"pt_BR","og_type":"article","og_title":"Por que escolher a TechMag - Techmag","og_description":"[vc_row][vc_column width=&#8221;1\/3&#8243;][\/vc_column][vc_column width=&#8221;2\/3&#8243;][\/vc_column][\/vc_row] ...","og_url":"https:\/\/techmag.com.br\/site\/por-que-escolher-a-techmag\/","og_site_name":"Techmag","article_publisher":"https:\/\/www.facebook.com\/techmagdsi\/","article_modified_time":"2022-05-31T18:28:52+00:00","twitter_card":"summary_large_image","twitter_misc":{"Est. tempo de leitura":"3 minutos"},"schema":{"@context":"https:\/\/schema.org","@graph":[{"@type":"WebPage","@id":"https:\/\/techmag.com.br\/site\/por-que-escolher-a-techmag\/","url":"https:\/\/techmag.com.br\/site\/por-que-escolher-a-techmag\/","name":"Por que escolher a TechMag - Techmag","isPartOf":{"@id":"https:\/\/techmag.com.br\/site\/#website"},"datePublished":"2022-05-31T18:23:51+00:00","dateModified":"2022-05-31T18:28:52+00:00","breadcrumb":{"@id":"https:\/\/techmag.com.br\/site\/por-que-escolher-a-techmag\/#breadcrumb"},"inLanguage":"pt-BR","potentialAction":[{"@type":"ReadAction","target":["https:\/\/techmag.com.br\/site\/por-que-escolher-a-techmag\/"]}]},{"@type":"BreadcrumbList","@id":"https:\/\/techmag.com.br\/site\/por-que-escolher-a-techmag\/#breadcrumb","itemListElement":[{"@type":"ListItem","position":1,"name":"In\u00edcio","item":"https:\/\/techmag.com.br\/site\/"},{"@type":"ListItem","position":2,"name":"Por que escolher a TechMag"}]},{"@type":"WebSite","@id":"https:\/\/techmag.com.br\/site\/#website","url":"https:\/\/techmag.com.br\/site\/","name":"Techmag","description":"Data, Security &amp; Information","publisher":{"@id":"https:\/\/techmag.com.br\/site\/#organization"},"potentialAction":[{"@type":"SearchAction","target":{"@type":"EntryPoint","urlTemplate":"https:\/\/techmag.com.br\/site\/?s={search_term_string}"},"query-input":"required name=search_term_string"}],"inLanguage":"pt-BR"},{"@type":"Organization","@id":"https:\/\/techmag.com.br\/site\/#organization","name":"Techmag","url":"https:\/\/techmag.com.br\/site\/","logo":{"@type":"ImageObject","inLanguage":"pt-BR","@id":"https:\/\/techmag.com.br\/site\/#\/schema\/logo\/image\/","url":"https:\/\/techmag.com.br\/site\/wp-content\/uploads\/2022\/05\/logotipo.png","contentUrl":"https:\/\/techmag.com.br\/site\/wp-content\/uploads\/2022\/05\/logotipo.png","width":500,"height":116,"caption":"Techmag"},"image":{"@id":"https:\/\/techmag.com.br\/site\/#\/schema\/logo\/image\/"},"sameAs":["https:\/\/www.facebook.com\/techmagdsi\/","https:\/\/www.linkedin.com\/company\/techmag-equipamentos-comercio-e-servi-o-ltda\/"]}]}},"_links":{"self":[{"href":"https:\/\/techmag.com.br\/site\/wp-json\/wp\/v2\/pages\/11606"}],"collection":[{"href":"https:\/\/techmag.com.br\/site\/wp-json\/wp\/v2\/pages"}],"about":[{"href":"https:\/\/techmag.com.br\/site\/wp-json\/wp\/v2\/types\/page"}],"author":[{"embeddable":true,"href":"https:\/\/techmag.com.br\/site\/wp-json\/wp\/v2\/users\/1"}],"replies":[{"embeddable":true,"href":"https:\/\/techmag.com.br\/site\/wp-json\/wp\/v2\/comments?post=11606"}],"version-history":[{"count":0,"href":"https:\/\/techmag.com.br\/site\/wp-json\/wp\/v2\/pages\/11606\/revisions"}],"wp:attachment":[{"href":"https:\/\/techmag.com.br\/site\/wp-json\/wp\/v2\/media?parent=11606"}],"curies":[{"name":"wp","href":"https:\/\/api.w.org\/{rel}","templated":true}]}}