{"id":11594,"date":"2022-05-31T14:53:50","date_gmt":"2022-05-31T17:53:50","guid":{"rendered":"https:\/\/techmag.com.br\/site\/?page_id=11594"},"modified":"2022-06-07T18:21:36","modified_gmt":"2022-06-07T21:21:36","slug":"segmento-saude","status":"publish","type":"page","link":"https:\/\/techmag.com.br\/site\/segmento-saude\/","title":{"rendered":"Sa\u00fade"},"content":{"rendered":"<section class=\"wpb-content-wrapper\"><p>[vc_row full_width=&#8221;stretch_row&#8221; css=&#8221;.vc_custom_1654019982755{padding-top: 50px !important;padding-bottom: 50px !important;}&#8221; el_id=&#8221;saude&#8221;][vc_column]<div id=\"cz_20179\" class=\"cz_20179 cz_image clr cz_image_no_fx center_on_mobile\"><div class=\"\" ><div class=\"cz_image_in\"><div class=\"cz_main_image\"><img decoding=\"async\" class=\"\" src=\"https:\/\/techmag.com.br\/site\/wp-content\/uploads\/2022\/05\/icon-saude-1-120x120.png\" width=\"120\" height=\"120\" alt=\"icon-saude\" title=\"icon-saude\" \/><\/div><\/div><\/div><\/div><div id=\"cz_72437\" class=\"cz_72437 cz_title clr cz_smart_fs cz_mobile_text_center cz_title_pos_center\"><div class=\"cz_title_content\"><div class=\"cz_wpe_content\"><h3><span style=\"font-size: 30px;\">Sa\u00fade<\/span><\/h3>\n<\/div><\/div><\/div><div id=\"cz_103368\" class=\"cz_103368 cz_title clr cz_smart_fs cz_mobile_text_center cz_title_pos_left\"><div class=\"cz_title_content\"><div class=\"cz_wpe_content\"><p>Operadoras e planos de sa\u00fade, gestores de hospitais, cl\u00ednicas, laborat\u00f3rios e farm\u00e1cias, podem contar com a tecnologia de identifica\u00e7\u00e3o e autentica\u00e7\u00e3o, facilitando e agilizando seus processos e impedindo eventuais fraudes.<\/p>\n<p>&nbsp;<\/p>\n<h4>Solu\u00e7\u00f5es TechMag<\/h4>\n<\/div><\/div><\/div><ul id=\"cz_88357\" class=\"cz_88357 cz_stylish_list clr cz_sl_icon_hover_none\"><li class=\"clr\"><div class=\"cz_sl_icon\"><i class=\"fa czico-073-checked-3 mr10\" ><\/i><\/div><div><span>Integra\u00e7\u00e3o da biometria no software da operadora para minimizar a pr\u00e1tica de fraudes e de abusos de remunera\u00e7\u00e3o.<\/span><\/div><\/li><li class=\"clr\"><div class=\"cz_sl_icon\"><i class=\"fa czico-073-checked-3 mr10\" ><\/i><\/div><div><span>Identifica\u00e7\u00e3o e autentica\u00e7\u00e3o de m\u00e9dicos e colaboradores.<\/span><\/div><\/li><li class=\"clr\"><div class=\"cz_sl_icon\"><i class=\"fa czico-073-checked-3 mr10\" ><\/i><\/div><div><span>Identifica\u00e7\u00e3o e autentica\u00e7\u00e3o de pacientes.<\/span><\/div><\/li><li class=\"clr\"><div class=\"cz_sl_icon\"><i class=\"fa czico-073-checked-3 mr10\" ><\/i><\/div><div><span>Controle de acesso a medicamentos de uso restrito.<\/span><\/div><\/li><li class=\"clr\"><div class=\"cz_sl_icon\"><i class=\"fa czico-073-checked-3 mr10\" ><\/i><\/div><div><span>Identifica\u00e7\u00e3o no controle de vacina\u00e7\u00e3o.<\/span><\/div><\/li><li class=\"clr\"><div class=\"cz_sl_icon\"><i class=\"fa czico-073-checked-3 mr10\" ><\/i><\/div><div><span>Identifica\u00e7\u00e3o assertiva no prontu\u00e1rio eletr\u00f4nico.<\/span><\/div><\/li><li class=\"clr\"><div class=\"cz_sl_icon\"><i class=\"fa czico-073-checked-3 mr10\" ><\/i><\/div><div><span>Garantia da elegibilidade na identifica\u00e7\u00e3o do paciente e corpo cl\u00ednico.<\/span><\/div><\/li><li class=\"clr\"><div class=\"cz_sl_icon\"><i class=\"fa czico-073-checked-3 mr10\" ><\/i><\/div><div><span>Identifica\u00e7\u00e3o no check-in nos consult\u00f3rios, laborat\u00f3rios e hospitais.<\/span><\/div><\/li><li class=\"clr\"><div class=\"cz_sl_icon\"><i class=\"fa czico-073-checked-3 mr10\" ><\/i><\/div><div><span>Elimina\u00e7\u00e3o de guias e papeis, evitando fraudes.<\/span><\/div><\/li><li class=\"clr\"><div class=\"cz_sl_icon\"><i class=\"fa czico-073-checked-3 mr10\" ><\/i><\/div><div><span>Identifica\u00e7\u00e3o do paciente em telemedicina, evitando trocas de exames.<\/span><\/div><\/li><li class=\"clr\"><div class=\"cz_sl_icon\"><i class=\"fa czico-073-checked-3 mr10\" ><\/i><\/div><div><span>Identifica\u00e7\u00e3o do m\u00e9dico para laudos, evitando fraudes e trocas de exames.<\/span><\/div><\/li><li class=\"clr\"><div class=\"cz_sl_icon\"><i class=\"fa czico-073-checked-3 mr10\" ><\/i><\/div><div><span>Rastreabilidade do paciente em todas as opera\u00e7\u00f5es.<\/span><\/div><\/li><li class=\"clr\"><div class=\"cz_sl_icon\"><i class=\"fa czico-073-checked-3 mr10\" ><\/i><\/div><div><span>Ganho de efici\u00eancia e agilidade no processo.<\/span><\/div><\/li><\/ul>[\/vc_column][\/vc_row]<\/p>\n<\/section>","protected":false},"excerpt":{"rendered":"<p>[vc_row full_width=&#8221;stretch_row&#8221; css=&#8221;.vc_custom_1654019982755{padding-top: 50px !important;padding-bottom: 50px !important;}&#8221; el_id=&#8221;saude&#8221;][vc_column][\/vc_column][\/vc_row]<\/p>\n<p> &#8230; <\/p>\n","protected":false},"author":1,"featured_media":0,"parent":0,"menu_order":0,"comment_status":"closed","ping_status":"closed","template":"","meta":{"footnotes":"","_links_to":"","_links_to_target":""},"yoast_head":"<!-- This site is optimized with the Yoast SEO plugin v22.9 - https:\/\/yoast.com\/wordpress\/plugins\/seo\/ -->\n<title>Sa\u00fade - Techmag<\/title>\n<meta name=\"robots\" content=\"index, follow, max-snippet:-1, max-image-preview:large, max-video-preview:-1\" \/>\n<link rel=\"canonical\" href=\"https:\/\/techmag.com.br\/site\/segmento-saude\/\" \/>\n<meta property=\"og:locale\" content=\"pt_BR\" \/>\n<meta property=\"og:type\" content=\"article\" \/>\n<meta property=\"og:title\" content=\"Sa\u00fade - Techmag\" \/>\n<meta property=\"og:description\" content=\"[vc_row full_width=&#8221;stretch_row&#8221; css=&#8221;.vc_custom_1654019982755{padding-top: 50px !important;padding-bottom: 50px !important;}&#8221; el_id=&#8221;saude&#8221;][vc_column][\/vc_column][\/vc_row] ...\" \/>\n<meta property=\"og:url\" content=\"https:\/\/techmag.com.br\/site\/segmento-saude\/\" \/>\n<meta property=\"og:site_name\" content=\"Techmag\" \/>\n<meta property=\"article:publisher\" content=\"https:\/\/www.facebook.com\/techmagdsi\/\" \/>\n<meta property=\"article:modified_time\" content=\"2022-06-07T21:21:36+00:00\" \/>\n<meta name=\"twitter:card\" content=\"summary_large_image\" \/>\n<meta name=\"twitter:label1\" content=\"Est. tempo de leitura\" \/>\n\t<meta name=\"twitter:data1\" content=\"3 minutos\" \/>\n<script type=\"application\/ld+json\" class=\"yoast-schema-graph\">{\"@context\":\"https:\/\/schema.org\",\"@graph\":[{\"@type\":\"WebPage\",\"@id\":\"https:\/\/techmag.com.br\/site\/segmento-saude\/\",\"url\":\"https:\/\/techmag.com.br\/site\/segmento-saude\/\",\"name\":\"Sa\u00fade - Techmag\",\"isPartOf\":{\"@id\":\"https:\/\/techmag.com.br\/site\/#website\"},\"datePublished\":\"2022-05-31T17:53:50+00:00\",\"dateModified\":\"2022-06-07T21:21:36+00:00\",\"breadcrumb\":{\"@id\":\"https:\/\/techmag.com.br\/site\/segmento-saude\/#breadcrumb\"},\"inLanguage\":\"pt-BR\",\"potentialAction\":[{\"@type\":\"ReadAction\",\"target\":[\"https:\/\/techmag.com.br\/site\/segmento-saude\/\"]}]},{\"@type\":\"BreadcrumbList\",\"@id\":\"https:\/\/techmag.com.br\/site\/segmento-saude\/#breadcrumb\",\"itemListElement\":[{\"@type\":\"ListItem\",\"position\":1,\"name\":\"In\u00edcio\",\"item\":\"https:\/\/techmag.com.br\/site\/\"},{\"@type\":\"ListItem\",\"position\":2,\"name\":\"Sa\u00fade\"}]},{\"@type\":\"WebSite\",\"@id\":\"https:\/\/techmag.com.br\/site\/#website\",\"url\":\"https:\/\/techmag.com.br\/site\/\",\"name\":\"Techmag\",\"description\":\"Data, Security &amp; Information\",\"publisher\":{\"@id\":\"https:\/\/techmag.com.br\/site\/#organization\"},\"potentialAction\":[{\"@type\":\"SearchAction\",\"target\":{\"@type\":\"EntryPoint\",\"urlTemplate\":\"https:\/\/techmag.com.br\/site\/?s={search_term_string}\"},\"query-input\":\"required name=search_term_string\"}],\"inLanguage\":\"pt-BR\"},{\"@type\":\"Organization\",\"@id\":\"https:\/\/techmag.com.br\/site\/#organization\",\"name\":\"Techmag\",\"url\":\"https:\/\/techmag.com.br\/site\/\",\"logo\":{\"@type\":\"ImageObject\",\"inLanguage\":\"pt-BR\",\"@id\":\"https:\/\/techmag.com.br\/site\/#\/schema\/logo\/image\/\",\"url\":\"https:\/\/techmag.com.br\/site\/wp-content\/uploads\/2022\/05\/logotipo.png\",\"contentUrl\":\"https:\/\/techmag.com.br\/site\/wp-content\/uploads\/2022\/05\/logotipo.png\",\"width\":500,\"height\":116,\"caption\":\"Techmag\"},\"image\":{\"@id\":\"https:\/\/techmag.com.br\/site\/#\/schema\/logo\/image\/\"},\"sameAs\":[\"https:\/\/www.facebook.com\/techmagdsi\/\",\"https:\/\/www.linkedin.com\/company\/techmag-equipamentos-comercio-e-servi-o-ltda\/\"]}]}<\/script>\n<!-- \/ Yoast SEO plugin. -->","yoast_head_json":{"title":"Sa\u00fade - Techmag","robots":{"index":"index","follow":"follow","max-snippet":"max-snippet:-1","max-image-preview":"max-image-preview:large","max-video-preview":"max-video-preview:-1"},"canonical":"https:\/\/techmag.com.br\/site\/segmento-saude\/","og_locale":"pt_BR","og_type":"article","og_title":"Sa\u00fade - Techmag","og_description":"[vc_row full_width=&#8221;stretch_row&#8221; css=&#8221;.vc_custom_1654019982755{padding-top: 50px !important;padding-bottom: 50px !important;}&#8221; el_id=&#8221;saude&#8221;][vc_column][\/vc_column][\/vc_row] ...","og_url":"https:\/\/techmag.com.br\/site\/segmento-saude\/","og_site_name":"Techmag","article_publisher":"https:\/\/www.facebook.com\/techmagdsi\/","article_modified_time":"2022-06-07T21:21:36+00:00","twitter_card":"summary_large_image","twitter_misc":{"Est. tempo de leitura":"3 minutos"},"schema":{"@context":"https:\/\/schema.org","@graph":[{"@type":"WebPage","@id":"https:\/\/techmag.com.br\/site\/segmento-saude\/","url":"https:\/\/techmag.com.br\/site\/segmento-saude\/","name":"Sa\u00fade - Techmag","isPartOf":{"@id":"https:\/\/techmag.com.br\/site\/#website"},"datePublished":"2022-05-31T17:53:50+00:00","dateModified":"2022-06-07T21:21:36+00:00","breadcrumb":{"@id":"https:\/\/techmag.com.br\/site\/segmento-saude\/#breadcrumb"},"inLanguage":"pt-BR","potentialAction":[{"@type":"ReadAction","target":["https:\/\/techmag.com.br\/site\/segmento-saude\/"]}]},{"@type":"BreadcrumbList","@id":"https:\/\/techmag.com.br\/site\/segmento-saude\/#breadcrumb","itemListElement":[{"@type":"ListItem","position":1,"name":"In\u00edcio","item":"https:\/\/techmag.com.br\/site\/"},{"@type":"ListItem","position":2,"name":"Sa\u00fade"}]},{"@type":"WebSite","@id":"https:\/\/techmag.com.br\/site\/#website","url":"https:\/\/techmag.com.br\/site\/","name":"Techmag","description":"Data, Security &amp; Information","publisher":{"@id":"https:\/\/techmag.com.br\/site\/#organization"},"potentialAction":[{"@type":"SearchAction","target":{"@type":"EntryPoint","urlTemplate":"https:\/\/techmag.com.br\/site\/?s={search_term_string}"},"query-input":"required name=search_term_string"}],"inLanguage":"pt-BR"},{"@type":"Organization","@id":"https:\/\/techmag.com.br\/site\/#organization","name":"Techmag","url":"https:\/\/techmag.com.br\/site\/","logo":{"@type":"ImageObject","inLanguage":"pt-BR","@id":"https:\/\/techmag.com.br\/site\/#\/schema\/logo\/image\/","url":"https:\/\/techmag.com.br\/site\/wp-content\/uploads\/2022\/05\/logotipo.png","contentUrl":"https:\/\/techmag.com.br\/site\/wp-content\/uploads\/2022\/05\/logotipo.png","width":500,"height":116,"caption":"Techmag"},"image":{"@id":"https:\/\/techmag.com.br\/site\/#\/schema\/logo\/image\/"},"sameAs":["https:\/\/www.facebook.com\/techmagdsi\/","https:\/\/www.linkedin.com\/company\/techmag-equipamentos-comercio-e-servi-o-ltda\/"]}]}},"_links":{"self":[{"href":"https:\/\/techmag.com.br\/site\/wp-json\/wp\/v2\/pages\/11594"}],"collection":[{"href":"https:\/\/techmag.com.br\/site\/wp-json\/wp\/v2\/pages"}],"about":[{"href":"https:\/\/techmag.com.br\/site\/wp-json\/wp\/v2\/types\/page"}],"author":[{"embeddable":true,"href":"https:\/\/techmag.com.br\/site\/wp-json\/wp\/v2\/users\/1"}],"replies":[{"embeddable":true,"href":"https:\/\/techmag.com.br\/site\/wp-json\/wp\/v2\/comments?post=11594"}],"version-history":[{"count":0,"href":"https:\/\/techmag.com.br\/site\/wp-json\/wp\/v2\/pages\/11594\/revisions"}],"wp:attachment":[{"href":"https:\/\/techmag.com.br\/site\/wp-json\/wp\/v2\/media?parent=11594"}],"curies":[{"name":"wp","href":"https:\/\/api.w.org\/{rel}","templated":true}]}}